{"id":904,"date":"2018-03-31T07:32:53","date_gmt":"2018-03-31T07:32:53","guid":{"rendered":"http:\/\/www.jirikuhnweddings.cz\/?page_id=904"},"modified":"2024-07-09T10:50:07","modified_gmt":"2024-07-09T10:50:07","slug":"cenova-nabidka","status":"publish","type":"page","link":"https:\/\/www.jirikuhnweddings.cz\/index.php\/cenova-nabidka\/","title":{"rendered":"Cenov\u00e1 nab\u00eddka"},"content":{"rendered":"<div class=\"wpb-content-wrapper\"><p>[vc_row full_width=&#8220;stretch_row_content_no_spaces&#8220;][vc_column][wiso_banner style_banner=&#8220;modern&#8220; style=&#8220;center_content&#8220; btn_style=&#8220;a-btn-2&#8243; overlay=&#8220;yes&#8220; title=&#8220;Cenov\u00e1 nab\u00eddka&#8220; text=&#8220;Kdy\u017e p\u0159ijde na pragmatick\u00e9 v\u011bci&#8220; image=&#8220;8220&#8243;][\/vc_column][\/vc_row][vc_row][vc_column][vc_empty_space][\/vc_column][\/vc_row][vc_row gap=&#8220;20&#8243; desctop_lg_pt=&#8220;padding-lg-50t&#8220; desctop_lg_pb=&#8220;padding-lg-60b&#8220; desctop_pt=&#8220;padding-md-30t&#8220; desctop_pb=&#8220;padding-md-40b&#8220; mobile_pt=&#8220;padding-xs-10t&#8220;][vc_column width=&#8220;1\/2&#8243; offset=&#8220;vc_col-lg-4 vc_col-md-6 vc_hidden-xs&#8220;][vc_empty_space][vc_single_image image=&#8220;947&#8243; img_size=&#8220;full&#8220; alignment=&#8220;center&#8220;][\/vc_column][vc_column width=&#8220;1\/2&#8243; offset=&#8220;vc_col-lg-8 vc_col-md-6&#8243;][vc_column_text]Jednou z mnoha v\u011bc\u00ed, kterou \u0159e\u0161\u00edte v pr\u016fb\u011bhu p\u0159\u00edprav Va\u0161eho svatebn\u00edho dne, jsou n\u00e1klady. Zajistit v\u0161echny ty kr\u00e1sn\u00e9 mali\u010dkosti, vytv\u00e1\u0159ej\u00edc\u00ed \u00fatulnou atmosf\u00e9ru, p\u0159\u00edjemn\u00e9 m\u00edsto, b\u00e1je\u010dn\u00e9 j\u00eddlo pro Va\u0161e hosty nebo skv\u011blou kapelu pro ve\u010dern\u00ed z\u00e1bavu, stoj\u00ed spoustu pen\u011bz. A stejn\u011b jako ka\u017ed\u00e1 svatba je jin\u00e1, i cena m\u00fdch slu\u017eeb se odv\u00edj\u00ed od Va\u0161ich konkr\u00e9tn\u00edch p\u0159edstav a m\u00edsta svatby.<\/p>\n<p><span style=\"color: #0000ff;\"><strong>Nev\u00e1hejte m\u011b<\/strong><\/span><span style=\"color: #0000ff;\"><strong> kontaktovat s Va\u0161\u00ed viz\u00ed, velmi r\u00e1d se s V\u00e1mi potk\u00e1m na osobn\u00ed sch\u016fzce a probereme Va\u0161i p\u0159edstavu. Jsem p\u0159esv\u011bd\u010den\u00fd, \u017ee najdeme spole\u010dnou \u0159e\u010d.<\/strong><\/span>[\/vc_column_text][vc_empty_space height=&#8220;16px&#8220;][vc_column_text]<div class='fluentform ff-default fluentform_wrapper_1 ffs_default_wrap'><form data-form_id=\"1\" id=\"fluentform_1\" class=\"frm-fluent-form fluent_form_1 ff-el-form-top ff_form_instance_1_1 ff-form-loading ff_has_v3_recptcha ffs_default\" data-form_instance=\"ff_form_instance_1_1\" method=\"POST\" data-recptcha_key=\"6LcsIvEcAAAAAGSMNGqYTjXQs6GqZoi56QxES7Gp\" ><fieldset  style=\"border: none!important;margin: 0!important;padding: 0!important;background-color: transparent!important;box-shadow: none!important;outline: none!important; min-inline-size: 100%;\">\n                    <legend class=\"ff_screen_reader_title\" style=\"display: block; margin: 0!important;padding: 0!important;height: 0!important;text-indent: -999999px;width: 0!important;overflow:hidden;\">Kontaktn\u00ed formul\u00e1\u0159<\/legend><input type='hidden' name='__fluent_form_embded_post_id' value='904' \/><input type=\"hidden\" id=\"_fluentform_1_fluentformnonce\" name=\"_fluentform_1_fluentformnonce\" value=\"468762c68e\" \/><input type=\"hidden\" name=\"_wp_http_referer\" value=\"\/index.php\/wp-json\/wp\/v2\/pages\/904\" \/><div data-type=\"name-element\" data-name=\"names\" class=\" ff-field_container ff-name-field-wrapper\" ><div class='ff-t-container'><div class='ff-t-cell '><div class='ff-el-group'><div class=\"ff-el-input--label ff-el-is-required asterisk-right\"><label for='ff_1_names_first_name_' id='label_ff_1_names_first_name_' >K\u0159estn\u00ed jm\u00e9no<\/label><\/div><div class='ff-el-input--content'><input type=\"text\" name=\"names[first_name]\" id=\"ff_1_names_first_name_\" class=\"ff-el-form-control\" placeholder=\"K\u0159estn\u00ed jm\u00e9no\" aria-invalid=\"false\" aria-required=true><\/div><\/div><\/div><div class='ff-t-cell '><div class='ff-el-group'><div class=\"ff-el-input--label ff-el-is-required asterisk-right\"><label for='ff_1_names_last_name_' id='label_ff_1_names_last_name_' >P\u0159\u00edjmen\u00ed<\/label><\/div><div class='ff-el-input--content'><input type=\"text\" name=\"names[last_name]\" id=\"ff_1_names_last_name_\" class=\"ff-el-form-control\" placeholder=\"P\u0159\u00edjmen\u00ed\" aria-invalid=\"false\" aria-required=true><\/div><\/div><\/div><\/div><\/div><div class='ff-el-group'><div class=\"ff-el-input--label ff-el-is-required asterisk-right\"><label for='ff_1_email' id='label_ff_1_email' aria-label=\"Email\">Email<\/label><\/div><div class='ff-el-input--content'><input type=\"email\" name=\"email\" id=\"ff_1_email\" class=\"ff-el-form-control\" placeholder=\"Emailov\u00e1 adresa\" data-name=\"email\"  aria-invalid=\"false\" aria-required=true><\/div><\/div><div class='ff-el-group'><div class=\"ff-el-input--label ff-el-is-required asterisk-right\"><label for='ff_1_subject' id='label_ff_1_subject' aria-label=\"P\u0159edm\u011bt\">P\u0159edm\u011bt<\/label><\/div><div class='ff-el-input--content'><input type=\"text\" name=\"subject\" class=\"ff-el-form-control\" placeholder=\"P\u0159edm\u011bt Va\u0161\u00ed zpr\u00e1vy\" data-name=\"subject\" id=\"ff_1_subject\"  aria-invalid=\"false\" aria-required=true><\/div><\/div><div class='ff-el-group'><div class=\"ff-el-input--label ff-el-is-required asterisk-right\"><label for='ff_1_message' id='label_ff_1_message' aria-label=\"Va\u0161e zpr\u00e1va\">Va\u0161e zpr\u00e1va<\/label><\/div><div class='ff-el-input--content'><textarea aria-required=\"true\" aria-labelledby=\"label_ff_1_message\" name=\"message\" id=\"ff_1_message\" class=\"ff-el-form-control\" placeholder=\"Text Va\u0161\u00ed zpr\u00e1vy\" rows=\"4\" cols=\"2\" data-name=\"message\" ><\/textarea><\/div><\/div><div class='ff-el-group ff-text-left ff_submit_btn_wrapper'><button type=\"submit\" class=\"ff-btn ff-btn-submit ff-btn-md ff_btn_style\"  aria-label=\"Odeslat formul\u00e1\u0159\">Odeslat formul\u00e1\u0159<\/button><\/div><\/fieldset><\/form><div id='fluentform_1_errors' class='ff-errors-in-stack ff_form_instance_1_1 ff-form-loading_errors ff_form_instance_1_1_errors'><\/div><\/div>            <script type=\"text\/javascript\">\n                window.fluent_form_ff_form_instance_1_1 = {\"id\":\"1\",\"ajaxUrl\":\"https:\\\/\\\/www.jirikuhnweddings.cz\\\/wp-admin\\\/admin-ajax.php\",\"settings\":{\"layout\":{\"labelPlacement\":\"top\",\"helpMessagePlacement\":\"with_label\",\"errorMessagePlacement\":\"inline\",\"cssClassName\":\"\",\"asteriskPlacement\":\"asterisk-right\"},\"restrictions\":{\"denyEmptySubmission\":{\"enabled\":false}}},\"form_instance\":\"ff_form_instance_1_1\",\"form_id_selector\":\"fluentform_1\",\"rules\":{\"names[first_name]\":{\"required\":{\"value\":true,\"message\":\"Tato polo\\u017eka je povinn\\u00e1\"}},\"names[middle_name]\":{\"required\":{\"value\":false,\"message\":\"This field is required\"}},\"names[last_name]\":{\"required\":{\"value\":true,\"message\":\"Tato polo\\u017eka je povinn\\u00e1\"}},\"email\":{\"required\":{\"value\":true,\"message\":\"Tato polo\\u017eka je povinn\\u00e1\"},\"email\":{\"value\":true,\"message\":\"This field must contain a valid email\"}},\"subject\":{\"required\":{\"value\":true,\"message\":\"Tato polo\\u017eka je povinn\\u00e1\"}},\"message\":{\"required\":{\"value\":true,\"message\":\"Tato polo\\u017eka je povinn\\u00e1\"}},\"recaptcha\":[]},\"debounce_time\":300};\n                            <\/script>\n            [\/vc_column_text][vc_empty_space height=&#8220;16px&#8220;][\/vc_column][\/vc_row][vc_row][vc_column][vc_column_text]<\/p>\n<h3>Co m\u016f\u017eete o\u010dek\u00e1vat po odesl\u00e1n\u00ed formul\u00e1\u0159e?<\/h3>\n<p>\u017dijeme v dob\u011b, kdy n\u00e1s technologie obklopuj\u00ed na ka\u017ed\u00e9m kroku a ob\u010das si d\u011blaj\u00ed co samy uznaj\u00ed za vhodn\u00e9. Poj\u010fme se tedy spolu pod\u00edvat na kroky, kter\u00e9 by se m\u011bly v ide\u00e1ln\u00edm p\u0159\u00edpad\u011b odehr\u00e1t pot\u00e9, co ode\u0161lete formul\u00e1\u0159 s Va\u0161im dotazem.<\/p>\n<p>Po odesl\u00e1n\u00ed kontaktn\u00edho formul\u00e1\u0159e byste m\u011bli na zadan\u00fd email dostat <strong>potvrzen\u00ed o odesl\u00e1n\u00ed zpr\u00e1vy<\/strong>. To je prvn\u00ed zn\u00e1mka toho, \u017ee V\u00e1\u0161 dotaz byl \u00fasp\u011b\u0161n\u011b odesl\u00e1n. Pokud se tak nestalo b\u011bhem n\u011bkolika minut, zkontrolujte pros\u00edm emailovou adresu, kterou jste pou\u017eili p\u0159i odes\u00edl\u00e1n\u00ed a po\u0161lete pros\u00edm zpr\u00e1vu znovu.<\/p>\n<p>Zpravidla b\u011bhem jedno dne se V\u00e1m ozvu zp\u00e1tky s potvrzen\u00edm Va\u0161eho z\u00e1jmu a <strong>n\u00e1vrhem na nez\u00e1vaznou osobn\u00ed sch\u016fzku<\/strong>. Pro\u010d pr\u00e1v\u011b osobn\u00ed sch\u016fzka, kdy\u017e V\u00e1s v prvn\u00edm kroku zaj\u00edm\u00e1 jen cena? D\u016fvod\u016f je hned n\u011bkolik.<\/p>\n<p>Prvn\u00edm je <span style=\"text-decoration: underline;\">Va\u0161e pohodl\u00ed<\/span>, je mnohem snaz\u0161\u00ed okam\u017eit\u011b reagovat na Va\u0161e dotazy p\u0159i osobn\u00ed sch\u016fzce, ne\u017e si vym\u011b\u0148ovat zpr\u00e1vy tam a zp\u00e1tky. Druh\u00fdm d\u016fvodem je obsah m\u00e9 nab\u00eddky jako takov\u00fd, kdy sou\u010d\u00e1st\u00ed m\u00e9 pr\u00e1ce svatebn\u00edho fotografa <span style=\"text-decoration: underline;\">nen\u00ed jen dod\u00e1vka fotek<\/span>. T\u0159et\u00edm d\u016fvodem jsou <span style=\"text-decoration: underline;\">svatebn\u00ed alba<\/span>, kter\u00e1 reprezentuj\u00ed hmatateln\u00e9 v\u00fdstupy klientsk\u00fdch svateb v n\u011bkter\u00fdch z m\u00fdch nab\u00eddek. A kone\u010dn\u011b \u010dtvrt\u00fdm d\u016fvodem, pro\u010d preferuji nez\u00e1vazn\u00e9 osobn\u00ed setk\u00e1n\u00ed, je skute\u010dnost, \u017ee jako fotograf budu vstupovat do Va\u0161eho priv\u00e1tn\u00edho prostoru doma a budu s V\u00e1mi tr\u00e1vit cel\u00fd den. Jsem si jist\u00fd, \u017ee v tento v\u00fdznamn\u00fd dne je pro V\u00e1s d\u016fle\u017eit\u00e9 m\u00edt kolem sebe <span style=\"text-decoration: underline;\">\u010dlov\u011bka, na kter\u00e9ho se m\u016f\u017eete spolehnout<\/span> a o kter\u00e9m v\u00edte, \u017ee nen\u00ed magor :-D.<\/p>\n<p>Osobn\u00ed sch\u016fzka je <span style=\"text-decoration: underline;\">skute\u010dn\u011b nez\u00e1vazn\u00e1<\/span>, nemus\u00edte m\u00edt tedy obavy, \u017ee t\u00edmto setk\u00e1n\u00edm se k n\u011b\u010demu zavazujete. \u010ceho se <span style=\"text-decoration: underline;\">rozhodn\u011b nedo\u010dk\u00e1te<\/span> je jak\u00e1koliv manipulace sm\u011brem k vyu\u017eit\u00ed m\u00fdch slu\u017eeb. Jedinou investic\u00ed bude trocha Va\u0161eho \u010dasu. V r\u00e1mci t\u00e9to sch\u016fzky projdeme Va\u0161i p\u0159edstavu o pr\u016fb\u011bhu svatby, svatebn\u00edch sn\u00edmc\u00edch i form\u011b v\u00fdstupu. Budeme m\u00edt prostor probrat Va\u0161e dotazy nejen na focen\u00ed samotn\u00e9, ale tak\u00e9 na optim\u00e1ln\u00ed pr\u016fb\u011bh svatebn\u00edho dne. Jako svatebn\u00ed fotograf jsem absolvoval des\u00edtky svateb, s radost\u00ed V\u00e1m pom\u016f\u017eu <span style=\"text-decoration: underline;\">naj\u00edt optim\u00e1ln\u00ed harmonogram<\/span> pro Va\u0161i konkr\u00e9tn\u00ed svatbu. A pochopiteln\u011b se tak\u00e9 dozv\u00edte, co v\u0161echno je sou\u010d\u00e1st\u00ed m\u00e9 nab\u00eddky a kolik V\u00e1s bude st\u00e1t moje slu\u017eba svatebn\u00edho fotografa :-).<\/p>\n<p>Pokud V\u00e1s moje nab\u00eddka zaujme a budete cht\u00edt vyu\u017e\u00edt moj\u00ed slu\u017eby, projdu s V\u00e1mi <span style=\"text-decoration: underline;\">n\u00e1vrh smlouvy<\/span>, kterou uzav\u00edr\u00e1m se snoubenci a ve kter\u00e9 se dohodneme na v\u0161ech z\u00e1sadn\u00edch aspektech kontraktu (jako je rozsah slu\u017eby, z\u00e1ruky, dodac\u00ed lh\u016fty atp.). N\u00e1vrh smlouvy pot\u00e9 dokon\u010d\u00edm a za\u0161lu na V\u00e1\u0161 email k prostudov\u00e1n\u00ed a odsouhlasen\u00ed. V pr\u016fb\u011bhu na\u0161\u00ed sch\u016fzky tedy nedojde k podpisu smlouvy, v\u0161echno budete m\u00edt mo\u017enost si v klidu proj\u00edt. Teprve a\u017e po revizi a odsouhlasen\u00ed smlouvy dojde k podpisu smlouvy a rezervaci term\u00ednu. V tomto okam\u017eiku se m\u016f\u017eete pln\u011b soust\u0159edit na p\u0159\u00edpravy Va\u0161eho velk\u00e9ho dne.<\/p>\n<p>Zhruba m\u011bs\u00edc p\u0159ed dnem Va\u0161\u00ed svatby se V\u00e1m ozvu abychom doladili p\u0159\u00edpadn\u00e9 zm\u011bny a detaily, kter\u00e9 jsem neprobrali v pr\u016fb\u011bhu schvalov\u00e1n\u00ed smlouvy. A pak u\u017e n\u00e1s \u010dek\u00e1 jen kr\u00e1sn\u00fd den Va\u0161\u00ed svatby!<\/p>\n<p>T\u011b\u0161\u00edm se na setk\u00e1n\u00ed s V\u00e1mi![\/vc_column_text][vc_empty_space][vc_separator][vc_empty_space][\/vc_column][\/vc_row]<\/p>\n<\/div>","protected":false},"excerpt":{"rendered":"<p>[vc_row full_width=&#8220;stretch_row_content_no_spaces&#8220;][vc_column][wiso_banner style_banner=&#8220;modern&#8220; style=&#8220;center_content&#8220; btn_style=&#8220;a-btn-2&#8243; overlay=&#8220;yes&#8220; title=&#8220;Cenov\u00e1 nab\u00eddka&#8220; text=&#8220;Kdy\u017e p\u0159ijde na pragmatick\u00e9 v\u011bci&#8220; image=&#8220;8220&#8243;][\/vc_column][\/vc_row][vc_row][vc_column][vc_empty_space][\/vc_column][\/vc_row][vc_row gap=&#8220;20&#8243; desctop_lg_pt=&#8220;padding-lg-50t&#8220; desctop_lg_pb=&#8220;padding-lg-60b&#8220; desctop_pt=&#8220;padding-md-30t&#8220; desctop_pb=&#8220;padding-md-40b&#8220; mobile_pt=&#8220;padding-xs-10t&#8220;][vc_column width=&#8220;1\/2&#8243; offset=&#8220;vc_col-lg-4 vc_col-md-6 vc_hidden-xs&#8220;][vc_empty_space][vc_single_image image=&#8220;947&#8243; img_size=&#8220;full&#8220; alignment=&#8220;center&#8220;][\/vc_column][vc_column width=&#8220;1\/2&#8243; offset=&#8220;vc_col-lg-8 vc_col-md-6&#8243;][vc_column_text]Jednou z mnoha v\u011bc\u00ed, kterou \u0159e\u0161\u00edte v pr\u016fb\u011bhu p\u0159\u00edprav Va\u0161eho svatebn\u00edho dne, jsou n\u00e1klady. Zajistit v\u0161echny ty kr\u00e1sn\u00e9 mali\u010dkosti, vytv\u00e1\u0159ej\u00edc\u00ed \u00fatulnou atmosf\u00e9ru, p\u0159\u00edjemn\u00e9 m\u00edsto, b\u00e1je\u010dn\u00e9 j\u00eddlo &#8230;<\/p>\n","protected":false},"author":1,"featured_media":0,"parent":0,"menu_order":0,"comment_status":"closed","ping_status":"closed","template":"","meta":{"_exactmetrics_skip_tracking":false,"_exactmetrics_sitenote_active":false,"_exactmetrics_sitenote_note":"","_exactmetrics_sitenote_category":0,"footnotes":""},"categories":[],"tags":[],"class_list":["post-904","page","type-page","status-publish","format-standard","hentry"],"aioseo_notices":[],"featured_image_src":"","featured_image_src_square":"","_links":{"self":[{"href":"https:\/\/www.jirikuhnweddings.cz\/index.php\/wp-json\/wp\/v2\/pages\/904","targetHints":{"allow":["GET"]}}],"collection":[{"href":"https:\/\/www.jirikuhnweddings.cz\/index.php\/wp-json\/wp\/v2\/pages"}],"about":[{"href":"https:\/\/www.jirikuhnweddings.cz\/index.php\/wp-json\/wp\/v2\/types\/page"}],"author":[{"embeddable":true,"href":"https:\/\/www.jirikuhnweddings.cz\/index.php\/wp-json\/wp\/v2\/users\/1"}],"replies":[{"embeddable":true,"href":"https:\/\/www.jirikuhnweddings.cz\/index.php\/wp-json\/wp\/v2\/comments?post=904"}],"version-history":[{"count":0,"href":"https:\/\/www.jirikuhnweddings.cz\/index.php\/wp-json\/wp\/v2\/pages\/904\/revisions"}],"wp:attachment":[{"href":"https:\/\/www.jirikuhnweddings.cz\/index.php\/wp-json\/wp\/v2\/media?parent=904"}],"wp:term":[{"taxonomy":"category","embeddable":true,"href":"https:\/\/www.jirikuhnweddings.cz\/index.php\/wp-json\/wp\/v2\/categories?post=904"},{"taxonomy":"post_tag","embeddable":true,"href":"https:\/\/www.jirikuhnweddings.cz\/index.php\/wp-json\/wp\/v2\/tags?post=904"}],"curies":[{"name":"wp","href":"https:\/\/api.w.org\/{rel}","templated":true}]}}