{"id":10329,"date":"2021-05-23T20:14:40","date_gmt":"2021-05-23T20:14:40","guid":{"rendered":"https:\/\/www.jirikuhnweddings.cz\/?page_id=10329"},"modified":"2022-08-08T06:45:36","modified_gmt":"2022-08-08T06:45:36","slug":"svatba-na-zamku","status":"publish","type":"page","link":"https:\/\/www.jirikuhnweddings.cz\/index.php\/svatba-na-zamku\/","title":{"rendered":"Svatba na z\u00e1mku"},"content":{"rendered":"<div class=\"wpb-content-wrapper\"><p>[vc_row full_width=&#8220;stretch_row_content_no_spaces&#8220;][vc_column][wiso_banner style_banner=&#8220;modern&#8220; height=&#8220;medium_banner&#8220; style=&#8220;center_content&#8220; overlay=&#8220;yes&#8220; title=&#8220;Svatba na z\u00e1mku&#8220; image=&#8220;9851&#8243; text=&#8220;Pro p\u0159\u00edznivce d\u00e1vn\u00fdch \u010das\u016f, kdy po ulic\u00edch jezdily ko\u010d\u00e1ry a p\u00e1nov\u00e9 se oh\u00e1n\u011bli \u0161lechtick\u00fdmi tituly.&#8220;][\/vc_column][\/vc_row][vc_row full_width=&#8220;stretch_row_content_no_spaces&#8220; css=&#8220;.vc_custom_1610025258069{padding-right: 5% !important;padding-left: 5% !important;}&#8220;][vc_column][vc_separator border_width=&#8220;2&#8243; css=&#8220;.vc_custom_1610009106928{padding-top: 32px !important;padding-bottom: 32px !important;}&#8220;][wiso_services style=&#8220;tile&#8220; items_tile=&#8220;%5B%7B%22icon%22%3A%22icon-arrow-1-circle-down%22%2C%22title%22%3A%22Organizace%22%2C%22text%22%3A%22Specificky%20pro%20svatby%20na%20z%C3%A1mku%2C%20zejm%C3%A9na%20pokud%20si%20p%C5%99ejete%20m%C3%ADt%20na%20z%C3%A1mku%20ob%C5%99ad%2C%20plat%C3%AD%20rada%20o%20v%C4%8Dasn%C3%A9m%20pl%C3%A1nov%C3%A1n%C3%AD.%20Pokud%20u%C5%BE%20v%C3%A1%C5%A1%20vyhl%C3%A9dnut%C3%BD%20z%C3%A1mek%20umo%C5%BE%C5%88uje%20prov%C3%A9st%20svatebn%C3%AD%20ob%C5%99ad%20ve%20sv%C3%BDch%20prostor%C3%A1ch%2C%20nab%C3%ADz%C3%AD%20pro%20tuto%20akci%20pouze%20omezen%C3%A9%20mno%C5%BEstv%C3%AD%20term%C3%ADn%C5%AF%20a%20%C4%8Das%C5%AF.%20Ty%20mus%C3%AD%20respektovat%20b%C4%9B%C5%BEn%C3%BD%20n%C3%A1v%C5%A1t%C4%9Bvnick%C3%BD%20provoz%20z%C3%A1mku.%20V%C3%BDhodu%20v%20tomto%20maj%C3%AD%20n%C4%9Bkter%C3%A1%20m%C4%9Bsta%20a%20obce%2C%20kter%C3%A1%20ob%C5%99adn%C3%AD%20s%C3%AD%C5%88%20z%C5%99%C3%ADdila%20v%20prostor%C3%A1ch%20z%C3%A1mku%20na%20sv%C3%A9m%20%C3%BAzem%C3%AD.%20Pokud%20si%20tedy%20p%C5%99ejete%20m%C3%ADt%20svatebn%C3%AD%20ob%C5%99ad%20na%20z%C3%A1mku%2C%20nen%C3%AD%20na%20%C5%A1kodu%2C%20za%C4%8D%C3%ADt%20cel%C3%A9%20pl%C3%A1nov%C3%A1n%C3%AD%20pr%C3%A1v%C4%9B%20zaji%C5%A1t%C4%9Bn%C3%ADm%20term%C3%ADnu%20na%20va%C5%A1em%20vyhl%C3%A9dnut%C3%A9m%20z%C3%A1mku.%20Stejn%C3%A1%20rada%20plat%C3%AD%20tak%C3%A9%20v%20p%C5%99%C3%ADpad%C4%9B%2C%20%C5%BEe%20chcete%20vyu%C5%BE%C3%ADt%20prostory%20z%C3%A1mku%20jen%20pro%20novoman%C5%BEelsk%C3%A9%20focen%C3%AD.%22%2C%22image%22%3A%229858%22%7D%2C%7B%22icon%22%3A%22icon-arrow-1-circle-down%22%2C%22title%22%3A%22Svatebn%C3%AD%20ob%C5%99ad%20na%20z%C3%A1mku%22%2C%22text%22%3A%22Pokud%20se%20v%C3%A1m%20poda%C5%99ilo%20zajistit%20si%20term%C3%ADn%20pro%20v%C3%A1%C5%A1%20svatebn%C3%AD%20ob%C5%99ad%2C%20m%C3%A1te%20zpravidla%20vyhr%C3%A1no.%20A%C5%BE%20na%20v%C3%BD%C5%A1e%20zm%C3%ADn%C4%9Bnou%20vyj%C3%ADmku%20(ofici%C3%A1ln%C3%AD%20ob%C5%99adn%C3%AD%20s%C3%AD%C5%88%20v%20z%C3%A1mku)%2C%20je%20nutn%C3%A9%20po%C4%8D%C3%ADtat%20s%20t%C3%ADm%2C%20%C5%BEe%20pron%C3%A1jem%20z%C3%A1meck%C3%A9ho%20s%C3%A1lu%20n%C4%9Bco%20bude%20st%C3%A1t%20a%20tak%C3%A9%20je%20t%C5%99eba%20se%20p%C5%99ipravit%20na%20manipula%C4%8Dn%C3%AD%20poplatek%20na%20matrice%20(za%20proveden%C3%AD%20svatebn%C3%ADho%20ob%C5%99adu%20mimo%20obvyklou%20ob%C5%99adn%C3%AD%20s%C3%AD%C5%88).%20Ob%C5%99ad%20samotn%C3%BD%20se%20p%C5%99%C3%ADli%C5%A1%20neli%C5%A1%C3%AD%20od%20b%C4%9B%C5%BEn%C3%A9ho%20ob%C5%99adu%20v%20tradi%C4%8Dn%C3%AD%20ob%C5%99adn%C3%AD%20s%C3%ADni.%20Snad%20jen%20s%20parkov%C3%A1n%C3%ADm%20v%20okol%C3%AD%20z%C3%A1mku%20m%C5%AF%C5%BEe%20b%C3%BDt%20lehk%C3%A1%20komplikace.%20P%C5%99i%20sjedn%C3%A1v%C3%A1n%C3%AD%20term%C3%ADnu%20svatebn%C3%ADho%20ob%C5%99adu%20na%20z%C3%A1mku%20se%20nezapome%C5%88te%20zeptat%20na%20mo%C5%BEnost%20vyu%C5%BEit%C3%AD%20interi%C3%A9ru%20z%C3%A1mku%20pro%20portr%C3%A9tn%C3%AD%20focen%C3%AD%20novoman%C5%BEel%C5%AF.%20Takov%C3%A9%20fotky%20maj%C3%AD%20neopakovateln%C3%A9%20kouzlo%20n%C3%A1dhern%C3%BDch%20interi%C3%A9r%C5%AF%20s%20vysok%C3%BDmi%20stropy.%20Po%C4%8D%C3%ADtejte%20nicm%C3%A9n%C4%9B%20s%20t%C3%ADm%2C%20%C5%BEe%20%C4%8Das%20vymezen%C3%BD%20pro%20takov%C3%A9to%20focen%C3%AD%20neb%C3%BDv%C3%A1%20p%C5%99%C3%ADli%C5%A1%20velk%C3%BD.%20Projd%C4%9Bte%20si%20tedy%20z%C3%A1mek%20v%20klidu%20v%20r%C3%A1mci%20b%C4%9B%C5%BEn%C3%BDch%20n%C3%A1v%C5%A1t%C4%9Bvn%C3%ADch%20hodin%20a%20vyberte%20si%20m%C3%ADsta%20pro%20focen%C3%AD.%20N%C4%9Bkte%C5%99%C3%AD%20pr%C5%AFvodci%20na%20z%C3%A1mku%20v%C3%A1m%20s%20v%C3%BDb%C4%9Brem%20r%C3%A1di%20pom%C5%AF%C5%BEou.%22%2C%22image%22%3A%229857%22%7D%2C%7B%22icon%22%3A%22icon-arrow-1-circle-down%22%2C%22title%22%3A%22Portr%C3%A9ty%20novoman%C5%BEel%C5%AF%20v%20z%C3%A1meck%C3%A9m%20prost%C5%99ed%C3%AD%22%2C%22text%22%3A%22Prostory%20z%C3%A1mku%20%C4%8Di%20z%C3%A1meck%C3%A9%20zahrady%20je%20mo%C5%BEn%C3%A9%20vyu%C5%BE%C3%ADt%20i%20pro%20portr%C3%A9tn%C3%AD%20focen%C3%AD%20novoman%C5%BEel%C5%AF.%20I%20zde%20je%20t%C5%99eba%20se%20p%C5%99edem%20domluvit%20na%20mo%C5%BEnosti%20a%20%C4%8Dasech%20takov%C3%A9ho%20focen%C3%AD%2C%20s%20respektem%20k%20b%C4%9B%C5%BEn%C3%A9mu%20n%C3%A1v%C5%A1t%C4%9Bvn%C3%ADmu%20provozu.%20Po%C4%8D%C3%ADtejte%20pros%C3%ADm%20s%20t%C3%ADm%2C%20%C5%BEe%20v%C4%9Bt%C5%A1ina%20mobili%C3%A1%C5%99e%20z%C3%A1mk%C5%AF%20jsou%20v%C3%BDstavn%C3%AD%20expon%C3%A1ty%20a%20vyu%C5%BEit%C3%AD%20sedac%C3%ADho%20n%C3%A1bytku%20m%C5%AF%C5%BEe%20b%C3%BDt%20zna%C4%8Dn%C3%A9%20omezen%C3%A9.%20Dobrou%20radou%20v%C3%A1m%20jist%C4%9B%20p%C5%99isp%C4%9Bje%20kastel%C3%A1n%20nebo%20pr%C5%AFvodce%20na%20z%C3%A1mku.%20S%20vyu%C5%BEit%C3%ADm%20z%C3%A1meck%C3%BDch%20zahrad%20pro%20%C3%BA%C4%8Dely%20novoman%C5%BEelsk%C3%A9ho%20focen%C3%AD%20je%20to%20zpravidla%20jednodu%C5%A1%C5%A1%C3%AD%2C%20proto%C5%BEe%20neb%C3%BDv%C3%A1%20nijak%20z%C3%A1sadn%C4%9B%20omezov%C3%A1no%20(pochopiteln%C4%9B%20s%20ohledem%20na%20b%C4%9B%C5%BEn%C3%BD%20n%C3%A1v%C5%A1t%C4%9Bvn%C3%AD%20%C5%99%C3%A1d).%22%2C%22image%22%3A%229855%22%7D%5D&#8220;][\/vc_column][\/vc_row][vc_section css=&#8220;.vc_custom_1586292809523{padding-right: 10% !important;padding-left: 10% !important;}&#8220;][vc_row][vc_column][vc_separator border_width=&#8220;2&#8243; css=&#8220;.vc_custom_1610009106928{padding-top: 32px !important;padding-bottom: 32px !important;}&#8220;][wiso_headings style=&#8220;text_center&#8220; title=&#8220;Dal\u0161\u00ed p\u0159\u00edsp\u011bvky v t\u00e9to sekci&#8220;][vc_empty_space]<!-- The Grid Plugin Version 2.7.9.5 --><!-- The Grid Cache Enabled - Date: 04\/26\/26, 02:36:16 AM --><!-- The Grid Wrapper Start --><div class=\"tg-grid-wrapper wiso-portfolio-lima portfolio-masonry  tg-txt full-height\" id=\"grid-7733\" data-version=\"2.7.9.5\"><!-- The Grid Styles --><style class=\"tg-grid-styles\" type=\"text\/css\">#grid-7733 .tg-nav-color:not(.dots):not(.tg-dropdown-value):not(.tg-dropdown-title):hover,#grid-7733 .tg-nav-color:hover .tg-nav-color,#grid-7733 .tg-page-number.tg-page-current,#grid-7733 .tg-filter.tg-filter-active span{color:#ff6863}#grid-7733 .tg-filter:before,#grid-7733 .tg-filter.tg-filter-active:before{color:#999999}#grid-7733 .tg-dropdown-holder,#grid-7733 .tg-search-inner,#grid-7733 .tg-sorter-order{border:1px solid rgba(153,153,153,0.6)}#grid-7733 .tg-search-clear,#grid-7733 .tg-search-clear:hover{border:none;border-left:1px solid rgba(153,153,153,0.6)}.tg-txt .tg-nav-font,.tg-txt input[type=text].tg-search{font-size:14px;font-weight:600}.tg-txt .tg-search::-webkit-input-placeholder{font-size:14px}.tg-txt .tg-search::-moz-placeholder{font-size:14px}.tg-txt .tg-search:-ms-input-placeholder{font-size:14px}.tg-txt .tg-icon-left-arrow:before{content:\"\\e604\";font-size:32px;font-weight:100}.tg-txt .tg-icon-right-arrow:before{content:\"\\e602\";font-size:32px;font-weight:100}.tg-txt .tg-icon-dropdown-open:before,.tg-txt .tg-icon-sorter-down:before{content:\"\\e60a\"}.tg-txt .tg-icon-sorter-up:before{content:\"\\e609\"}.tg-txt .tg-search-clear:before{content:\"\\e611\";font-weight:300}.tg-txt .tg-search-icon:before{content:\"\\e62e\";font-size:16px;font-weight:600}#grid-7733 .tg-nav-color,#grid-7733 .tg-search-icon:hover:before,#grid-7733 .tg-search-icon:hover input,#grid-7733 .tg-disabled:hover .tg-icon-left-arrow,#grid-7733 .tg-disabled:hover .tg-icon-right-arrow,#grid-7733 .tg-dropdown-title.tg-nav-color:hover{color:#999999}#grid-7733 input.tg-search:hover{color:#999999 !important}#grid-7733 input.tg-search::-webkit-input-placeholder{color:#999999}#grid-7733 input.tg-search::-moz-placeholder{color:#999999;opacity:1}#grid-7733 input.tg-search:-ms-input-placeholder{color:#999999}.grid-7733 .tg-dropdown-item{color:#777777;background:#ffffff}.grid-7733 .tg-filter-active,.grid-7733 .tg-dropdown-item:hover{color:#444444;background:#f5f6fa}#grid-7733 .tg-slider-bullets li.tg-active-item span{background:#59585b}#grid-7733 .tg-slider-bullets li span{background:#DDDDDD}@font-face{font-family:'Open Sans';font-style:normal;font-weight:600;src:local('Open Sans SemiBold'),local('OpenSans-SemiBold'),url(http:\/\/fonts.gstatic.com\/s\/opensans\/v15\/mem5YaGs126MiZpBA-UNirkOUuhs.ttf) format('truetype')}.tg-wiso-1 a:not([class*=\"tg-element-\"]),.tg-wiso-1 a:not([class*=\"tg-element-\"]):active,.tg-wiso-1 a:not([class*=\"tg-element-\"]):focus,.tg-wiso-1 [class*=\"tg-element-\"] *:not(del){margin:0;padding:0;color:inherit !important;text-align:inherit;font-size:inherit;font-style:inherit;line-height:inherit;font-weight:inherit;text-transform:inherit;text-decoration:inherit;-webkit-box-shadow:none;box-shadow:none;border:none}.tg-wiso-1 [class*=\"tg-element-\"],.tg-wiso-1 .tg-item-overlay,.tg-wiso-1 .tg-center-holder,.tg-wiso-1 .tg-center-inner > *{vertical-align:middle}.tg-wiso-1 .tg-item-overlay{background-color:rgba(0,0,0,0.01) !important;position:absolute;display:block;top:0;left:0;bottom:0;right:0}.tg-wiso-1 .tg-element-1{position:relative;font-size:12px;line-height:2em;color:#222222 !important;font-weight:600;font-family:Open Sans;text-transform:uppercase;letter-spacing:2px;background-color:#ffffff !important;display:inline-block;margin:0;padding:15px 35px;-webkit-transition:all 300ms ease;-moz-transition:all 300ms ease;-ms-transition:all 300ms ease;transition:all 300ms ease}.tg-wiso-1 .tg-element-1:hover{color:#ffffff !important;background-color:#222222 !important;opacity:1 !important}.tg-wiso-1 a{transition:none}.tg-wiso-1 .title{position:relative}.tg-wiso-1 .title::after{content:\"\\f3d6\";font-family:\"Ionicons\";position:absolute;font-size:24px;color:#fff;right:20px;opacity:0;visibility:hidden;transition:opacity .3s ease,visibility .3s ease}.tg-wiso-1 .title:hover{padding-right:65px}.tg-wiso-1 .title:hover::after{opacity:1;visibility:visible}.tg-item .tg-dark div,.tg-item .tg-dark h1,.tg-item .tg-dark h1 a,.tg-item .tg-dark h2,.tg-item .tg-dark h2 a,.tg-item .tg-dark h3,.tg-item .tg-dark h3 a,.tg-item .tg-dark h4,.tg-item .tg-dark h4 a,.tg-item .tg-dark h5,.tg-item .tg-dark h5 a,.tg-item .tg-dark h6,.tg-item .tg-dark h6 a,.tg-item .tg-dark a,.tg-item .tg-dark a.tg-link-url,.tg-item .tg-dark i,.tg-item .tg-dark .tg-media-button,.tg-item .tg-dark .tg-item-price span{color:#444444;fill:#444444;stroke:#444444;border-color:#444444}.tg-item .tg-dark p,.tg-item .tg-dark ol,.tg-item .tg-dark ul,.tg-item .tg-dark li{color:#777777;fill:#777777;stroke:#777777;border-color:#777777}.tg-item .tg-dark span,.tg-item .tg-dark .no-liked .to-heart-icon path,.tg-item .tg-dark .empty-heart .to-heart-icon path,.tg-item .tg-dark .tg-item-comment i,.tg-item .tg-dark .tg-item-price del span{color:#999999;fill:#999999;stroke:#999999;border-color:#999999}.tg-item .tg-light div,.tg-item .tg-light h1,.tg-item .tg-light h1 a,.tg-item .tg-light h2,.tg-item .tg-light h2 a,.tg-item .tg-light h3,.tg-item .tg-light h3 a,.tg-item .tg-light h4,.tg-item .tg-light h4 a,.tg-item .tg-light h5,.tg-item .tg-light h5 a,.tg-item .tg-light h6,.tg-item .tg-light h6 a,.tg-item .tg-light a,.tg-item .tg-light a.tg-link-url,.tg-item .tg-light i,.tg-item .tg-light .tg-media-button,.tg-item .tg-light .tg-item-price span{color:#ffffff;fill:#ffffff;stroke:#ffffff;border-color:#ffffff}.tg-item .tg-light p,.tg-item .tg-light ol,.tg-item .tg-light ul,.tg-item .tg-light li{color:#f6f6f6;fill:#f6f6f6;stroke:#f6f6f6;border-color:#f6f6f6}.tg-item .tg-light span,.tg-item .tg-light .no-liked .to-heart-icon path,.tg-item .tg-light .empty-heart .to-heart-icon path,.tg-item .tg-light .tg-item-comment i,.tg-item .tg-light .tg-item-price del span{color:#f5f5f5;fill:#f5f5f5;stroke:#f5f5f5;border-color:#f5f5f5}#grid-7733 .tg-item-content-holder{background-color:#ffffff}#grid-7733 .tg-item-overlay{background-color:rgba(22,22,22,0.65)}<\/style><!-- The Grid Item Sizer --><div class=\"tg-grid-sizer\"><\/div><!-- The Grid Gutter Sizer --><div class=\"tg-gutter-sizer\"><\/div><!-- The Grid Items Holder --><div class=\"tg-grid-holder tg-layout-grid\"  data-name=\"Lokace_Vertical\"  data-style=\"grid\" data-row=\"1\" data-layout=\"vertical\" data-rtl=\"\" data-fitrows=\"\" data-filtercomb=\"\" data-filterlogic=\"AND\" data-filterload =\"0\" data-sortbyload =\"\" data-orderload =\"false\" data-fullwidth=\"1\" data-fullheight=\"null\" data-gutters=\"[[320,15],[480,15],[768,15],[980,15],[1200,20],[9999,20]]\" data-slider='{\"itemNav\":\"null\",\"swingSpeed\":0.1,\"cycleBy\":\"null\",\"cycle\":5000,\"startAt\":1}' data-ratio=\"1.00\" data-cols=\"[[320,1],[480,1],[768,3],[980,3],[1200,4],[9999,4]]\" data-rows=\"[[320,200],[480,200],[768,220],[980,220],[1200,240],[9999,240]]\" data-animation='{&quot;name&quot;:&quot;Fade in&quot;,&quot;visible&quot;:&quot;&quot;,&quot;hidden&quot;:&quot;&quot;}' data-transition=\"700ms\" data-ajaxmethod=\"\" data-ajaxdelay=\"100\" data-preloader=\"\" data-itemdelay=\"100\" data-gallery=\"\" data-ajax=\"\"><!-- The Grid item #1 --><article class=\"tg-item tg-post-10286 tg-wiso-1 f195\" data-row=\"1\" data-col=\"1\"><div class=\"tg-item-inner\"><div class=\"tg-item-media-holder tg-\"><div class=\"tg-item-media-inner\"><img decoding=\"async\" class=\"tg-item-image\" alt=\"\" width=\"2560\" height=\"1709\" src=\"https:\/\/www.jirikuhnweddings.cz\/wp-content\/uploads\/2021\/05\/vyber_mista_pro_svatebni_hostinu-scaled.jpg\"><\/div><div class=\"tg-item-media-content \"><div class=\"tg-item-overlay\"><\/div><div class=\"tg-bottom-holder\"><h3 class=\"tg-item-title tg-element-1 title\"><a target=\"_self\" href=\"https:\/\/www.jirikuhnweddings.cz\/index.php\/vyber-mista-pro-svatebni-hostinu\/\">V\u00fdb\u011br m\u00edsta pro svatebn\u00ed hostinu<\/a><\/h3><\/div><\/div><\/div><\/div><\/article><!-- The Grid item #2 --><article class=\"tg-item tg-post-10290 tg-wiso-1 f195\" data-row=\"1\" data-col=\"1\"><div class=\"tg-item-inner\"><div class=\"tg-item-media-holder tg-\"><div class=\"tg-item-media-inner\"><img decoding=\"async\" class=\"tg-item-image\" alt=\"\" width=\"2560\" height=\"1709\" src=\"https:\/\/www.jirikuhnweddings.cz\/wp-content\/uploads\/2021\/05\/vyber_mista_pro_svatebni_foceni-scaled.jpg\"><\/div><div class=\"tg-item-media-content \"><div class=\"tg-item-overlay\"><\/div><div class=\"tg-bottom-holder\"><h3 class=\"tg-item-title tg-element-1 title\"><a target=\"_self\" href=\"https:\/\/www.jirikuhnweddings.cz\/index.php\/vyber-mista-pro-svatebni-foceni\/\">V\u00fdb\u011br m\u00edsta pro svatebn\u00ed focen\u00ed<\/a><\/h3><\/div><\/div><\/div><\/div><\/article><!-- The Grid item #3 --><article class=\"tg-item tg-post-10322 tg-wiso-1 f195\" data-row=\"1\" data-col=\"1\"><div class=\"tg-item-inner\"><div class=\"tg-item-media-holder tg-\"><div class=\"tg-item-media-inner\"><img decoding=\"async\" class=\"tg-item-image\" alt=\"\" width=\"2560\" height=\"1709\" src=\"https:\/\/www.jirikuhnweddings.cz\/wp-content\/uploads\/2021\/05\/svatba_na_golfovem_hristi-scaled.jpg\"><\/div><div class=\"tg-item-media-content \"><div class=\"tg-item-overlay\"><\/div><div class=\"tg-bottom-holder\"><h3 class=\"tg-item-title tg-element-1 title\"><a target=\"_self\" href=\"https:\/\/www.jirikuhnweddings.cz\/index.php\/svatba-na-golfovem-hristi\/\">Svatba na golfov\u00e9m h\u0159i\u0161ti<\/a><\/h3><\/div><\/div><\/div><\/div><\/article><!-- The Grid item #4 --><article class=\"tg-item tg-post-10325 tg-wiso-1 f195 f191\" data-row=\"1\" data-col=\"1\"><div class=\"tg-item-inner\"><div class=\"tg-item-media-holder tg-\"><div class=\"tg-item-media-inner\"><img decoding=\"async\" class=\"tg-item-image\" alt=\"\" width=\"1920\" height=\"1280\" src=\"https:\/\/www.jirikuhnweddings.cz\/wp-content\/uploads\/2021\/05\/svatba_v_kostele.jpg\"><\/div><div class=\"tg-item-media-content \"><div class=\"tg-item-overlay\"><\/div><div class=\"tg-bottom-holder\"><h3 class=\"tg-item-title tg-element-1 title\"><a target=\"_self\" href=\"https:\/\/www.jirikuhnweddings.cz\/index.php\/svatba-v-kostele\/\">Svatba v kostele<\/a><\/h3><\/div><\/div><\/div><\/div><\/article><!-- The Grid item #5 --><article class=\"tg-item tg-post-10329 tg-wiso-1 f195\" data-row=\"1\" data-col=\"1\"><div class=\"tg-item-inner\"><div class=\"tg-item-media-holder tg-\"><div class=\"tg-item-media-inner\"><img decoding=\"async\" class=\"tg-item-image\" alt=\"svatba na z\u00e1mku\" width=\"1920\" height=\"1280\" src=\"https:\/\/www.jirikuhnweddings.cz\/wp-content\/uploads\/2020\/04\/svatba_na_zamku.jpg\"><\/div><div class=\"tg-item-media-content \"><div class=\"tg-item-overlay\"><\/div><div class=\"tg-bottom-holder\"><h3 class=\"tg-item-title tg-element-1 title\"><a target=\"_self\" href=\"https:\/\/www.jirikuhnweddings.cz\/index.php\/svatba-na-zamku\/\">Svatba na z\u00e1mku<\/a><\/h3><\/div><\/div><\/div><\/div><\/article><!-- The Grid item #6 --><article class=\"tg-item tg-post-10332 tg-wiso-1 f195\" data-row=\"1\" data-col=\"1\"><div class=\"tg-item-inner\"><div class=\"tg-item-media-holder tg-\"><div class=\"tg-item-media-inner\"><img decoding=\"async\" class=\"tg-item-image\" alt=\"\" width=\"1920\" height=\"1080\" src=\"https:\/\/www.jirikuhnweddings.cz\/wp-content\/uploads\/2020\/04\/venkovni_svatba.jpg\"><\/div><div class=\"tg-item-media-content \"><div class=\"tg-item-overlay\"><\/div><div class=\"tg-bottom-holder\"><h3 class=\"tg-item-title tg-element-1 title\"><a target=\"_self\" href=\"https:\/\/www.jirikuhnweddings.cz\/index.php\/svatba-venku\/\">Svatba venku<\/a><\/h3><\/div><\/div><\/div><\/div><\/article><\/div><\/div><!-- The Grid Wrapper End -->[\/vc_column][\/vc_row][\/vc_section]<\/p>\n<\/div>","protected":false},"excerpt":{"rendered":"<p>[vc_row full_width=&#8220;stretch_row_content_no_spaces&#8220;][vc_column][wiso_banner style_banner=&#8220;modern&#8220; height=&#8220;medium_banner&#8220; style=&#8220;center_content&#8220; overlay=&#8220;yes&#8220; title=&#8220;Svatba na z\u00e1mku&#8220; image=&#8220;9851&#8243; text=&#8220;Pro p\u0159\u00edznivce d\u00e1vn\u00fdch \u010das\u016f, kdy po ulic\u00edch jezdily ko\u010d\u00e1ry a p\u00e1nov\u00e9 se oh\u00e1n\u011bli \u0161lechtick\u00fdmi tituly.&#8220;][\/vc_column][\/vc_row][vc_row full_width=&#8220;stretch_row_content_no_spaces&#8220; css=&#8220;.vc_custom_1610025258069{padding-right: 5% !important;padding-left: 5% !important;}&#8220;][vc_column][vc_separator border_width=&#8220;2&#8243; css=&#8220;.vc_custom_1610009106928{padding-top: 32px !important;padding-bottom: 32px !important;}&#8220;][wiso_services style=&#8220;tile&#8220; items_tile=&#8220;%5B%7B%22icon%22%3A%22icon-arrow-1-circle-down%22%2C%22title%22%3A%22Organizace%22%2C%22text%22%3A%22Specificky%20pro%20svatby%20na%20z%C3%A1mku%2C%20zejm%C3%A9na%20pokud%20si%20p%C5%99ejete%20m%C3%ADt%20na%20z%C3%A1mku%20ob%C5%99ad%2C%20plat%C3%AD%20rada%20o%20v%C4%8Dasn%C3%A9m%20pl%C3%A1nov%C3%A1n%C3%AD.%20Pokud%20u%C5%BE%20v%C3%A1%C5%A1%20vyhl%C3%A9dnut%C3%BD%20z%C3%A1mek%20umo%C5%BE%C5%88uje%20prov%C3%A9st%20svatebn%C3%AD%20ob%C5%99ad%20ve%20sv%C3%BDch%20prostor%C3%A1ch%2C%20nab%C3%ADz%C3%AD%20pro%20tuto%20akci%20pouze%20omezen%C3%A9%20mno%C5%BEstv%C3%AD%20term%C3%ADn%C5%AF%20a%20%C4%8Das%C5%AF.%20Ty%20mus%C3%AD%20respektovat%20b%C4%9B%C5%BEn%C3%BD%20n%C3%A1v%C5%A1t%C4%9Bvnick%C3%BD%20provoz%20z%C3%A1mku.%20V%C3%BDhodu%20v%20tomto%20maj%C3%AD%20n%C4%9Bkter%C3%A1%20m%C4%9Bsta%20a%20obce%2C%20kter%C3%A1%20ob%C5%99adn%C3%AD%20s%C3%AD%C5%88%20z%C5%99%C3%ADdila%20v%20prostor%C3%A1ch%20z%C3%A1mku%20na%20sv%C3%A9m%20%C3%BAzem%C3%AD.%20Pokud%20si%20tedy%20p%C5%99ejete%20m%C3%ADt%20svatebn%C3%AD%20ob%C5%99ad%20na%20z%C3%A1mku%2C%20nen%C3%AD%20na%20%C5%A1kodu%2C%20za%C4%8D%C3%ADt%20cel%C3%A9%20pl%C3%A1nov%C3%A1n%C3%AD%20pr%C3%A1v%C4%9B%20zaji%C5%A1t%C4%9Bn%C3%ADm%20term%C3%ADnu%20na%20va%C5%A1em%20vyhl%C3%A9dnut%C3%A9m%20z%C3%A1mku.%20Stejn%C3%A1%20rada%20plat%C3%AD%20tak%C3%A9%20v%20p%C5%99%C3%ADpad%C4%9B%2C%20%C5%BEe%20chcete%20vyu%C5%BE%C3%ADt%20prostory%20z%C3%A1mku%20jen%20pro%20novoman%C5%BEelsk%C3%A9%20focen%C3%AD.%22%2C%22image%22%3A%229858%22%7D%2C%7B%22icon%22%3A%22icon-arrow-1-circle-down%22%2C%22title%22%3A%22Svatebn%C3%AD%20ob%C5%99ad%20na%20z%C3%A1mku%22%2C%22text%22%3A%22Pokud%20se%20v%C3%A1m%20poda%C5%99ilo%20zajistit%20si%20term%C3%ADn%20pro%20v%C3%A1%C5%A1%20svatebn%C3%AD%20ob%C5%99ad%2C%20m%C3%A1te%20zpravidla%20vyhr%C3%A1no.%20A%C5%BE%20na%20v%C3%BD%C5%A1e%20zm%C3%ADn%C4%9Bnou%20vyj%C3%ADmku%20(ofici%C3%A1ln%C3%AD%20ob%C5%99adn%C3%AD%20s%C3%AD%C5%88%20v%20z%C3%A1mku)%2C%20je%20nutn%C3%A9%20po%C4%8D%C3%ADtat%20s%20t%C3%ADm%2C%20%C5%BEe%20pron%C3%A1jem%20z%C3%A1meck%C3%A9ho%20s%C3%A1lu%20n%C4%9Bco%20bude%20st%C3%A1t%20a%20tak%C3%A9%20je%20t%C5%99eba%20se%20p%C5%99ipravit%20na%20manipula%C4%8Dn%C3%AD%20poplatek%20na%20matrice%20(za%20proveden%C3%AD%20svatebn%C3%ADho%20ob%C5%99adu%20mimo%20obvyklou%20ob%C5%99adn%C3%AD%20s%C3%AD%C5%88).%20Ob%C5%99ad%20samotn%C3%BD%20se%20p%C5%99%C3%ADli%C5%A1%20neli%C5%A1%C3%AD%20od%20b%C4%9B%C5%BEn%C3%A9ho%20ob%C5%99adu%20v%20tradi%C4%8Dn%C3%AD%20ob%C5%99adn%C3%AD%20s%C3%ADni.%20Snad%20jen%20s%20parkov%C3%A1n%C3%ADm%20v%20okol%C3%AD%20z%C3%A1mku%20m%C5%AF%C5%BEe%20b%C3%BDt%20lehk%C3%A1%20komplikace.%20P%C5%99i%20sjedn%C3%A1v%C3%A1n%C3%AD%20term%C3%ADnu%20svatebn%C3%ADho%20ob%C5%99adu%20na%20z%C3%A1mku%20se%20nezapome%C5%88te%20zeptat%20na%20mo%C5%BEnost%20vyu%C5%BEit%C3%AD%20interi%C3%A9ru%20z%C3%A1mku%20pro%20portr%C3%A9tn%C3%AD%20focen%C3%AD%20novoman%C5%BEel%C5%AF.%20Takov%C3%A9%20fotky%20maj%C3%AD%20neopakovateln%C3%A9%20kouzlo%20n%C3%A1dhern%C3%BDch%20interi%C3%A9r%C5%AF%20s%20vysok%C3%BDmi%20stropy.%20Po%C4%8D%C3%ADtejte%20nicm%C3%A9n%C4%9B%20s%20t%C3%ADm%2C%20%C5%BEe%20%C4%8Das%20vymezen%C3%BD%20pro%20takov%C3%A9to%20focen%C3%AD%20neb%C3%BDv%C3%A1%20p%C5%99%C3%ADli%C5%A1%20velk%C3%BD.%20Projd%C4%9Bte%20si%20tedy%20z%C3%A1mek%20v%20klidu%20v%20r%C3%A1mci%20b%C4%9B%C5%BEn%C3%BDch%20n%C3%A1v%C5%A1t%C4%9Bvn%C3%ADch%20hodin%20a%20vyberte%20si%20m%C3%ADsta%20pro%20focen%C3%AD.%20N%C4%9Bkte%C5%99%C3%AD%20pr%C5%AFvodci%20na%20z%C3%A1mku%20v%C3%A1m%20s%20v%C3%BDb%C4%9Brem%20r%C3%A1di%20pom%C5%AF%C5%BEou.%22%2C%22image%22%3A%229857%22%7D%2C%7B%22icon%22%3A%22icon-arrow-1-circle-down%22%2C%22title%22%3A%22Portr%C3%A9ty%20novoman%C5%BEel%C5%AF%20v%20z%C3%A1meck%C3%A9m%20prost%C5%99ed%C3%AD%22%2C%22text%22%3A%22Prostory%20z%C3%A1mku%20%C4%8Di%20z%C3%A1meck%C3%A9%20zahrady%20je%20mo%C5%BEn%C3%A9%20vyu%C5%BE%C3%ADt%20i%20pro%20portr%C3%A9tn%C3%AD%20focen%C3%AD%20novoman%C5%BEel%C5%AF.%20I%20zde%20je%20t%C5%99eba%20se%20p%C5%99edem%20domluvit%20na%20mo%C5%BEnosti%20a%20%C4%8Dasech%20takov%C3%A9ho%20focen%C3%AD%2C%20s%20respektem%20k%20b%C4%9B%C5%BEn%C3%A9mu%20n%C3%A1v%C5%A1t%C4%9Bvn%C3%ADmu%20provozu.%20Po%C4%8D%C3%ADtejte%20pros%C3%ADm%20s%20t%C3%ADm%2C%20%C5%BEe%20v%C4%9Bt%C5%A1ina%20mobili%C3%A1%C5%99e%20z%C3%A1mk%C5%AF%20jsou%20v%C3%BDstavn%C3%AD%20expon%C3%A1ty%20a%20vyu%C5%BEit%C3%AD%20sedac%C3%ADho%20n%C3%A1bytku%20m%C5%AF%C5%BEe%20b%C3%BDt%20zna%C4%8Dn%C3%A9%20omezen%C3%A9.%20Dobrou%20radou%20v%C3%A1m%20jist%C4%9B%20p%C5%99isp%C4%9Bje%20kastel%C3%A1n%20nebo%20pr%C5%AFvodce%20na%20z%C3%A1mku.%20S%20vyu%C5%BEit%C3%ADm%20z%C3%A1meck%C3%BDch%20zahrad%20pro%20%C3%BA%C4%8Dely%20novoman%C5%BEelsk%C3%A9ho%20focen%C3%AD%20je%20to%20zpravidla%20jednodu%C5%A1%C5%A1%C3%AD%2C%20proto%C5%BEe%20neb%C3%BDv%C3%A1%20nijak%20z%C3%A1sadn%C4%9B%20omezov%C3%A1no%20(pochopiteln%C4%9B%20s%20ohledem%20na%20b%C4%9B%C5%BEn%C3%BD%20n%C3%A1v%C5%A1t%C4%9Bvn%C3%AD%20%C5%99%C3%A1d).%22%2C%22image%22%3A%229855%22%7D%5D&#8220;][\/vc_column][\/vc_row][vc_section css=&#8220;.vc_custom_1586292809523{padding-right: 10% !important;padding-left: 10% !important;}&#8220;][vc_row][vc_column][vc_separator border_width=&#8220;2&#8243; css=&#8220;.vc_custom_1610009106928{padding-top: 32px !important;padding-bottom: 32px !important;}&#8220;][wiso_headings style=&#8220;text_center&#8220; title=&#8220;Dal\u0161\u00ed p\u0159\u00edsp\u011bvky v t\u00e9to &#8230;<\/p>\n","protected":false},"author":1,"featured_media":9851,"parent":0,"menu_order":0,"comment_status":"closed","ping_status":"closed","template":"","meta":{"_exactmetrics_skip_tracking":false,"_exactmetrics_sitenote_active":false,"_exactmetrics_sitenote_note":"","_exactmetrics_sitenote_category":0,"footnotes":""},"categories":[195],"tags":[],"class_list":["post-10329","page","type-page","status-publish","format-standard","has-post-thumbnail","hentry","category-lokace"],"aioseo_notices":[],"featured_image_src":"https:\/\/www.jirikuhnweddings.cz\/wp-content\/uploads\/2020\/04\/svatba_na_zamku-600x400.jpg","featured_image_src_square":"https:\/\/www.jirikuhnweddings.cz\/wp-content\/uploads\/2020\/04\/svatba_na_zamku-600x600.jpg","_links":{"self":[{"href":"https:\/\/www.jirikuhnweddings.cz\/index.php\/wp-json\/wp\/v2\/pages\/10329","targetHints":{"allow":["GET"]}}],"collection":[{"href":"https:\/\/www.jirikuhnweddings.cz\/index.php\/wp-json\/wp\/v2\/pages"}],"about":[{"href":"https:\/\/www.jirikuhnweddings.cz\/index.php\/wp-json\/wp\/v2\/types\/page"}],"author":[{"embeddable":true,"href":"https:\/\/www.jirikuhnweddings.cz\/index.php\/wp-json\/wp\/v2\/users\/1"}],"replies":[{"embeddable":true,"href":"https:\/\/www.jirikuhnweddings.cz\/index.php\/wp-json\/wp\/v2\/comments?post=10329"}],"version-history":[{"count":0,"href":"https:\/\/www.jirikuhnweddings.cz\/index.php\/wp-json\/wp\/v2\/pages\/10329\/revisions"}],"wp:featuredmedia":[{"embeddable":true,"href":"https:\/\/www.jirikuhnweddings.cz\/index.php\/wp-json\/wp\/v2\/media\/9851"}],"wp:attachment":[{"href":"https:\/\/www.jirikuhnweddings.cz\/index.php\/wp-json\/wp\/v2\/media?parent=10329"}],"wp:term":[{"taxonomy":"category","embeddable":true,"href":"https:\/\/www.jirikuhnweddings.cz\/index.php\/wp-json\/wp\/v2\/categories?post=10329"},{"taxonomy":"post_tag","embeddable":true,"href":"https:\/\/www.jirikuhnweddings.cz\/index.php\/wp-json\/wp\/v2\/tags?post=10329"}],"curies":[{"name":"wp","href":"https:\/\/api.w.org\/{rel}","templated":true}]}}